{"id":2595,"date":"2019-04-30T13:53:03","date_gmt":"2019-04-30T13:53:03","guid":{"rendered":"http:\/\/www.buchenwald-comite.org\/?page_id=2595"},"modified":"2019-04-30T14:15:36","modified_gmt":"2019-04-30T14:15:36","slug":"avril-2019-discours-de-m-vasile-nussbaum-ehemaliger-deportierter-vizeprasident-fur-rumanien-des-ikbd-deporte-vice-president-representant-la-roumanie-au-cibd","status":"publish","type":"page","link":"http:\/\/www.buchenwald-comite.org\/fr\/avril-2019-discours-de-m-vasile-nussbaum-ehemaliger-deportierter-vizeprasident-fur-rumanien-des-ikbd-deporte-vice-president-representant-la-roumanie-au-cibd\/","title":{"rendered":"AVRIL 2019 &#8211; Discours de M. Vasile Nussbaum &#8211; ehemaliger Deportierter, Vizepr\u00e4sident f\u00fcr Rum\u00e4nien des IKBD (d\u00e9port\u00e9, vice-pr\u00e9sident repr\u00e9sentant la Roumanie au CIBD)"},"content":{"rendered":"<h3><span style=\"color: #800000;\">Avril 2019<br \/>\n<\/span><\/h3>\n<h3 style=\"text-align: center;\"><strong>Gedenkst\u00e4tte Buchenwald <\/strong><\/h3>\n<h3 style=\"text-align: center;\"><strong><span class=\"\">Denkmal f\u00fcr alle Opfer des KZ Buchenwald \/ <\/span>M\u00e9morial de Buchenwald, Hommage aux victimes du camp de concentration de Buchenwald<\/strong><br class=\"\" \/><strong><span class=\"\">Gedenkveranstaltung des Internationalen Komitees Buchenwald-Dora und Kommandos (IKBD) \/ <\/span>C\u00e9r\u00e9monie du souvenir du Comit\u00e9 international Buchenwald-Dora et Kommandos<\/strong><\/h3>\n<h3 style=\"text-align: center;\">Begr\u00fc\u00dfung \/ Allocution de bienvenue<\/h3>\n<p><strong>&#8211; Discours de M. Vasile Nussbaum &#8211; <span class=\"\">ehemaliger Deportierter, Vizepr\u00e4sident f\u00fcr Rum\u00e4nien des IKBD (d\u00e9port\u00e9, vice-pr\u00e9sident repr\u00e9sentant la Roumanie au Comit\u00e9 international)<\/span><br \/>\n<\/strong><\/p>\n<p><strong>&nbsp;&raquo; Mein Name ist Vasile Nussbaum<\/strong>. Ich wurde 1944 aus einer Gro\u00dfstadt des damaligen Ungarn deportiert. Ich wurde nach Buchenwald verschleppt und nach der Befreiung kehrte ich mit 16 Jahren nach Hause zur\u00fcck. Ich ging wieder zur Schule und nach dem Abitur fing ich an zu studieren. Dort a\u00df ich immer in der Unimensa. Eines Tages sprach mich der Mensaleiter, ein Herr im Alter meines Vaters an und lobte mich: nach Ihnen muss das Personal aber wirklich wenig putzen. Ihr Teller bleibt immer sauber, sogar die Brotkr\u00fcmel wischen Sie in Ihre Hand. Haben Sie das bei Ihren Eltern gesehen? Nein, ich habe diese Gewohnheit woanders gelernt, meine Eltern sind schon lange tot. Der Mensaleiter brachte sein Beileid mit einem bitteren mitf\u00fchlenden L\u00e4cheln zum Ausdruck.<\/p>\n<p>Viele Jahre sp\u00e4ter ging ich mit irgendeiner Beschwerde zum Arzt . Der Arzt ma\u00df meinen Blutdruck und fand ihn zu hoch. F\u00fcr die Diagnose br\u00e4uchte man einige grunds\u00e4tzliche Untersuchungen, meinte er. Einige Tage sp\u00e4ter hielt er die Ergebnisse in der Hand. Wie ich sehe, ist auch Ihr Zucker h\u00f6her als er sollte. Sagen Sie, mein Herr, fragte er, hatte Ihr Vater auch erh\u00f6hte Zuckerwerte, haben Ihr Vater, Ihre Mutter an Diabetes gelitten? Ich wei\u00df es nicht, sie sind jung gestorben. Dann eines Ihrer Geschwister, hat es Diabetes, hohen Blutdruck? Ich hatte nur einen Bruder, er ist auch sehr fr\u00fch gestorben. Was ist Ihrer Familie zugesto\u00dfen? Ein Verkehrsunfall oder irgendein Ungl\u00fcck? Sie sind in Nazi-Konzentrationslager umgebracht worden. Es tut mir Leid, dass ich mich nicht mal aus \u00e4rztlicher Sicht auf ein Erbe st\u00fctzen kann.<\/p>\n<p>Meine Frau fragte mich: wenn fr\u00fch der Wecker klingelt und du wach wirst, g\u00e4hnst du nie oder streckst dich, sondern springst sofort aus dem Bett und rennst ins Bad. War dein Vater genauso? Ich wei\u00df es nicht. Als wir Kinder aufstanden, da war er schon l\u00e4ngst angezogen. Du machst nie aus irgendwas ein Problem. Du nimmst alles so leicht, so selbstverst\u00e4ndlich, weil du so zuversichtlich bist. Waren deine Mutter, dein Vater so? Ich wei\u00df es nicht. Zwischen 1940 und 1944 hatten wir ein schweres Leben. Die immer h\u00e4rteren Judengesetze haben keinen Grund zum Optimismus gegeben.&nbsp;&raquo;<\/p>\n<p>Wenn von deiner Kindheit die Rede ist, dann sagst du immer: Ich wei\u00df es nicht, ich wei\u00df es nicht. Wei\u00dft du denn \u00fcberhaupt, wer du bist? Nein, ich wei\u00df es tats\u00e4chlich nicht, denn ich kann es nicht wissen, wie viel von meinen Genen bestimmt wird und wie viel von meinem Buchenwalder Verm\u00e4chtnis. Eins ist aber klar, und das wusste ich schon damals: \u201edass Buchenwald, du mein Schicksal bist!\u201d<\/p>\n<p>\u00dcbersetzt von Zsuzsa Berger-Nagy und Ildik\u00f3 Magyari&nbsp;&raquo;<\/p>\n<p>&nbsp;<\/p>\n<p>&nbsp;<\/p>\n<p>&nbsp;<\/p>\n<p>&nbsp;<\/p>\n<table width=\"166\">\n<tbody>\n<tr>\n<td width=\"1\"><\/td>\n<td width=\"165\"><\/td>\n<\/tr>\n<tr>\n<td width=\"1\"><\/td>\n<td width=\"165\"><\/td>\n<\/tr>\n<\/tbody>\n<\/table>\n<p><strong><em> \u00a0\u00a0<\/em><\/strong><\/p>\n","protected":false},"excerpt":{"rendered":"<p>Avril 2019 Gedenkst\u00e4tte Buchenwald Denkmal f\u00fcr alle Opfer des KZ Buchenwald \/ M\u00e9morial de Buchenwald, Hommage aux victimes du camp de concentration de BuchenwaldGedenkveranstaltung des Internationalen Komitees Buchenwald-Dora und Kommandos (IKBD) \/ C\u00e9r\u00e9monie du souvenir du Comit\u00e9 international Buchenwald-Dora et Kommandos Begr\u00fc\u00dfung \/ Allocution de bienvenue &#8211; Discours de M. Vasile Nussbaum &#8211; ehemaliger Deportierter, [&hellip;]<\/p>\n","protected":false},"author":1,"featured_media":0,"parent":0,"menu_order":0,"comment_status":"closed","ping_status":"closed","template":"","meta":{"_locale":"fr_FR","_original_post":"2595","footnotes":""},"class_list":["post-2595","page","type-page","status-publish","hentry","fr-FR"],"_links":{"self":[{"href":"http:\/\/www.buchenwald-comite.org\/wp-json\/wp\/v2\/pages\/2595","targetHints":{"allow":["GET"]}}],"collection":[{"href":"http:\/\/www.buchenwald-comite.org\/wp-json\/wp\/v2\/pages"}],"about":[{"href":"http:\/\/www.buchenwald-comite.org\/wp-json\/wp\/v2\/types\/page"}],"author":[{"embeddable":true,"href":"http:\/\/www.buchenwald-comite.org\/wp-json\/wp\/v2\/users\/1"}],"replies":[{"embeddable":true,"href":"http:\/\/www.buchenwald-comite.org\/wp-json\/wp\/v2\/comments?post=2595"}],"version-history":[{"count":4,"href":"http:\/\/www.buchenwald-comite.org\/wp-json\/wp\/v2\/pages\/2595\/revisions"}],"predecessor-version":[{"id":2612,"href":"http:\/\/www.buchenwald-comite.org\/wp-json\/wp\/v2\/pages\/2595\/revisions\/2612"}],"wp:attachment":[{"href":"http:\/\/www.buchenwald-comite.org\/wp-json\/wp\/v2\/media?parent=2595"}],"curies":[{"name":"wp","href":"https:\/\/api.w.org\/{rel}","templated":true}]}}